{"id":1462,"date":"2015-03-10T08:37:34","date_gmt":"2015-03-10T08:37:34","guid":{"rendered":"http:\/\/www.borros.cat\/serveis\/"},"modified":"2018-02-16T13:20:25","modified_gmt":"2018-02-16T13:20:25","slug":"serveis","status":"publish","type":"page","link":"https:\/\/www.borros.cat\/es\/serveis\/","title":{"rendered":"Servicios"},"content":{"rendered":"<div class=\"wpb-content-wrapper\"><p>[vc_row padding_left=\u00bb0&#8243; padding_right=\u00bb0&#8243; type=\u00bb1&#8243; bg_position=\u00bbtop\u00bb bg_repeat=\u00bbno-repeat\u00bb bg_cover=\u00bbtrue\u00bb bg_attachment=\u00bbfalse\u00bb padding_top=\u00bb0&#8243; padding_bottom=\u00bb0&#8243; enable_parallax=\u00bbfalse\u00bb parallax_speed=\u00bb0&#8243; bg_image=\u00bbhttps:\/\/www.borros.cat\/wp-content\/uploads\/2015\/03\/b.png\u00bb bg_color=\u00bb#ffffff\u00bb margin_top=\u00bb0&#8243; margin_bottom=\u00bb0&#8243; min_height=\u00bb320px\u00bb][vc_column width=\u00bb1\/1&#8243;][\/vc_column][\/vc_row][vc_row padding_left=\u00bb0&#8243; padding_right=\u00bb0&#8243; bg_color=\u00bb#ffffff\u00bb bg_position=\u00bbtop\u00bb bg_repeat=\u00bbno-repeat\u00bb bg_cover=\u00bbfalse\u00bb bg_attachment=\u00bbfalse\u00bb padding_top=\u00bb0&#8243; padding_bottom=\u00bb0&#8243; parallax_speed=\u00bb0.1&#8243; type=\u00bb1&#8243; min_height=\u00bb200px\u00bb margin_top=\u00bb25px\u00bb margin_bottom=\u00bb35px\u00bb][vc_column width=\u00bb1\/3&#8243;][vc_column_text]<\/p>\n<h2><\/h2>\n<p>[\/vc_column_text][\/vc_column][vc_column width=\u00bb2\/3&#8243;][vc_column_text]<\/p>\n<h2>Proyectos de interiorismo adaptados a tu espacio.<\/h2>\n<p>Valoramos las necesidades de cualquier obra interior, ya sea establecimiento p\u00fablico o privado y gestionamos a todos los profesionales necesarios para la ejecuci\u00f3n del proyecto. Realizamos un seguimiento completo de nuestros proyectos antes, durante y despu\u00e9s de la entrega de la obra para asegurar la tranquilidad del cliente y la calidad en la ejecuci\u00f3n de la obra. Colaboramos con empresas de dilatada experiencia que nos permiten realizar proyectos ya sean de peque\u00f1o o gran formato.<\/p>\n<h2 style=\"text-align: left;\"><\/h2>\n<p>[\/vc_column_text][\/vc_column][\/vc_row][vc_row margin_top=\u00bb0&#8243; margin_bottom=\u00bb0&#8243; padding_left=\u00bb0&#8243; padding_right=\u00bb0&#8243; bg_position=\u00bbtop\u00bb bg_repeat=\u00bbno-repeat\u00bb bg_cover=\u00bbtrue\u00bb bg_attachment=\u00bbfalse\u00bb padding_top=\u00bb0&#8243; padding_bottom=\u00bb0&#8243; enable_parallax=\u00bbfalse\u00bb parallax_speed=\u00bb0&#8243; bg_image=\u00bbhttps:\/\/www.borros.cat\/wp-content\/uploads\/2015\/03\/o-1.png\u00bb bg_color=\u00bb#ffffff\u00bb min_height=\u00bb300px\u00bb type=\u00bb1&#8243;][vc_column width=\u00bb1\/1&#8243;][\/vc_column][\/vc_row][vc_row padding_left=\u00bb0&#8243; padding_right=\u00bb0&#8243; type=\u00bb1&#8243; bg_position=\u00bbtop\u00bb bg_repeat=\u00bbno-repeat\u00bb bg_cover=\u00bbtrue\u00bb bg_attachment=\u00bbfalse\u00bb padding_top=\u00bb0&#8243; padding_bottom=\u00bb0&#8243; enable_parallax=\u00bbfalse\u00bb parallax_speed=\u00bb0&#8243; bg_image=\u00bbhttps:\/\/www.borros.cat\/wp-content\/uploads\/2015\/03\/r-1.png\u00bb bg_color=\u00bb#ffffff\u00bb margin_top=\u00bb0&#8243; margin_bottom=\u00bb0&#8243; min_height=\u00bb200px\u00bb][vc_column width=\u00bb1\/1&#8243;][\/vc_column][\/vc_row][vc_row padding_left=\u00bb0&#8243; padding_right=\u00bb0&#8243; type=\u00bb1&#8243; bg_position=\u00bbtop\u00bb bg_repeat=\u00bbno-repeat\u00bb bg_cover=\u00bbtrue\u00bb bg_attachment=\u00bbfalse\u00bb padding_top=\u00bb0&#8243; padding_bottom=\u00bb0&#8243; enable_parallax=\u00bbfalse\u00bb parallax_speed=\u00bb0&#8243; bg_image=\u00bbhttps:\/\/www.borros.cat\/wp-content\/uploads\/2016\/07\/r-blanca.jpg\u00bb bg_color=\u00bb#ffffff\u00bb margin_top=\u00bb0&#8243; margin_bottom=\u00bb0&#8243; min_height=\u00bb400px\u00bb][vc_column width=\u00bb1\/1&#8243;][\/vc_column][\/vc_row][vc_row padding_left=\u00bb150&#8243; padding_right=\u00bb150&#8243; type=\u00bb1&#8243; bg_position=\u00bbtop\u00bb bg_repeat=\u00bbno-repeat\u00bb bg_cover=\u00bbtrue\u00bb bg_attachment=\u00bbfalse\u00bb padding_top=\u00bb0&#8243; padding_bottom=\u00bb0&#8243; enable_parallax=\u00bbfalse\u00bb parallax_speed=\u00bb0&#8243; bg_color=\u00bb#ffffff\u00bb bg_image=\u00bbhttps:\/\/www.borros.cat\/wp-content\/uploads\/2015\/03\/o-2.png\u00bb margin_top=\u00bb0&#8243; margin_bottom=\u00bb0&#8243; min_height=\u00bb500px\u00bb][vc_column width=\u00bb1\/1&#8243;][\/vc_column][\/vc_row][vc_row padding_left=\u00bb0&#8243; padding_right=\u00bb0&#8243; type=\u00bb1&#8243; bg_position=\u00bbtop\u00bb bg_repeat=\u00bbno-repeat\u00bb bg_cover=\u00bbtrue\u00bb bg_attachment=\u00bbfalse\u00bb padding_top=\u00bb0&#8243; padding_bottom=\u00bb0&#8243; enable_parallax=\u00bbfalse\u00bb parallax_speed=\u00bb0&#8243; bg_image=\u00bbhttps:\/\/www.borros.cat\/wp-content\/uploads\/2015\/03\/s.png\u00bb bg_color=\u00bb#ffffff\u00bb margin_bottom=\u00bb0&#8243; min_height=\u00bb400px\u00bb margin_top=\u00bb0&#8243;][vc_column width=\u00bb1\/1&#8243;][\/vc_column][\/vc_row]<\/p>\n<\/div>","protected":false},"excerpt":{"rendered":"<p>[vc_row padding_left=\u00bb0&#8243; padding_right=\u00bb0&#8243; type=\u00bb1&#8243; bg_position=\u00bbtop\u00bb bg_repeat=\u00bbno-repeat\u00bb bg_cover=\u00bbtrue\u00bb bg_attachment=\u00bbfalse\u00bb padding_top=\u00bb0&#8243; padding_bottom=\u00bb0&#8243; enable_parallax=\u00bbfalse\u00bb parallax_speed=\u00bb0&#8243; bg_image=\u00bbhttps:\/\/www.borros.cat\/wp-content\/uploads\/2015\/03\/b.png\u00bb bg_color=\u00bb#ffffff\u00bb margin_top=\u00bb0&#8243; margin_bottom=\u00bb0&#8243; min_height=\u00bb320px\u00bb][vc_column width=\u00bb1\/1&#8243;][\/vc_column][\/vc_row][vc_row padding_left=\u00bb0&#8243; padding_right=\u00bb0&#8243; bg_color=\u00bb#ffffff\u00bb bg_position=\u00bbtop\u00bb bg_repeat=\u00bbno-repeat\u00bb bg_cover=\u00bbfalse\u00bb bg_attachment=\u00bbfalse\u00bb padding_top=\u00bb0&#8243; padding_bottom=\u00bb0&#8243; parallax_speed=\u00bb0.1&#8243; type=\u00bb1&#8243; min_height=\u00bb200px\u00bb margin_top=\u00bb25px\u00bb margin_bottom=\u00bb35px\u00bb][vc_column width=\u00bb1\/3&#8243;][vc_column_text] [\/vc_column_text][\/vc_column][vc_column width=\u00bb2\/3&#8243;][vc_column_text] Proyectos de interiorismo adaptados a tu espacio. Valoramos las necesidades de cualquier obra interior, ya sea establecimiento p\u00fablico o privado&hellip;<\/p>\n","protected":false},"author":2,"featured_media":0,"parent":0,"menu_order":0,"comment_status":"closed","ping_status":"closed","template":"","meta":{"footnotes":""},"class_list":["post-1462","page","type-page","status-publish","hentry","description-off"],"_links":{"self":[{"href":"https:\/\/www.borros.cat\/es\/wp-json\/wp\/v2\/pages\/1462","targetHints":{"allow":["GET"]}}],"collection":[{"href":"https:\/\/www.borros.cat\/es\/wp-json\/wp\/v2\/pages"}],"about":[{"href":"https:\/\/www.borros.cat\/es\/wp-json\/wp\/v2\/types\/page"}],"author":[{"embeddable":true,"href":"https:\/\/www.borros.cat\/es\/wp-json\/wp\/v2\/users\/2"}],"replies":[{"embeddable":true,"href":"https:\/\/www.borros.cat\/es\/wp-json\/wp\/v2\/comments?post=1462"}],"version-history":[{"count":4,"href":"https:\/\/www.borros.cat\/es\/wp-json\/wp\/v2\/pages\/1462\/revisions"}],"predecessor-version":[{"id":1748,"href":"https:\/\/www.borros.cat\/es\/wp-json\/wp\/v2\/pages\/1462\/revisions\/1748"}],"wp:attachment":[{"href":"https:\/\/www.borros.cat\/es\/wp-json\/wp\/v2\/media?parent=1462"}],"curies":[{"name":"wp","href":"https:\/\/api.w.org\/{rel}","templated":true}]}}